{"id":4869,"date":"2019-06-11T17:28:39","date_gmt":"2019-06-11T15:28:39","guid":{"rendered":"https:\/\/sos-hh.de\/?page_id=4869"},"modified":"2026-04-27T09:29:16","modified_gmt":"2026-04-27T07:29:16","slug":"impressum","status":"publish","type":"page","link":"https:\/\/sos-hh.de\/es\/impressum\/","title":{"rendered":"Pie de imprenta"},"content":{"rendered":"<h2>Pie de imprenta<\/h2>\n<p>S.O.S Smart Office Systems GmbH<br \/>\nBillstra\u00dfe 117<br \/>\n20539 Hamburg<\/p>\n<p>Registro mercantil: Juzgado de Primera Instancia de Hamburgo<br \/>\nTribunal de registro: HRB 118010<\/p>\n<p><strong>Representado por el director general:<\/strong><br \/>\nFrancisco Garcia Praena<\/p>\n<h2>Contacto<\/h2>\n<p>Tel\u00e9fono: +49 (0)40 40 11 382 20<br \/>\nFax: +49 (0)40 40 11 382 77<br \/>\nE-Mail: info@sos-hh.de<\/p>\n<h2>Impuesto sobre el valor a\u00f1adido<\/h2>\n<p>N\u00famero de identificaci\u00f3n fiscal conforme al art\u00edculo 27 a de la Ley del Impuesto sobre el Valor A\u00f1adido:<br \/>\nDE276609390<\/p>\n<h2>Concepci\u00f3n, programaci\u00f3n y realizaci\u00f3n:<\/h2>\n<p>Seiten-Werk GmbH<br \/>\nTempowerkring 1c<br \/>\n21079 Hamburgo<\/p>\n<p>Web: <a href=\"https:\/\/seiten-werk.com\">https:\/\/seiten-werk.com<\/a><br \/>\nE-Mail: dialog@seiten-werk.com<br \/>\nTel: +49 40 573087020<\/p>\n<h2>Resoluci\u00f3n de litigios<\/h2>\n<p>La Comisi\u00f3n Europea ofrece una plataforma para la resoluci\u00f3n de litigios en l\u00ednea (OS) listo: <a href=\"https:\/\/ec.europa.eu\/consumers\/odr\" target=\"_blank\" rel=\"noopener noreferrer\">https:\/\/ec.europa.eu\/consumers\/odr<\/a>.<br \/>\nEncontrar\u00e1 nuestra direcci\u00f3n de correo electr\u00f3nico en el aviso legal anterior.<\/p>\n<p>No estamos dispuestos ni obligados a participar en un procedimiento de resoluci\u00f3n de litigios ante una junta arbitral de consumo<\/p>\n","protected":false},"excerpt":{"rendered":"<p>Pie de imprenta S.O.S Smart Office Systems GmbH Billstra\u00dfe 117 20539 Hamburg Registro mercantil: Juzgado de Primera Instancia de Hamburgo Tribunal de registro: HRB 118010 Representado por el director general: Francisco Garcia Praena Contacto Tel\u00e9fono: +49 (0)40 40 11 382 20 Fax: +49 (0)40 40 11 382 77 E-Mail: info@sos-hh.de Impuesto sobre el valor a\u00f1adido [&hellip;]<\/p>\n","protected":false},"author":1,"featured_media":0,"parent":0,"menu_order":0,"comment_status":"closed","ping_status":"closed","template":"","meta":{"footnotes":""},"class_list":["post-4869","page","type-page","status-publish","hentry"],"yoast_head":"<!-- This site is optimized with the Yoast SEO plugin v27.3 - https:\/\/yoast.com\/product\/yoast-seo-wordpress\/ -->\n<title>Pie de imprenta - \u1405 SMART OFFICE SYSTEMS<\/title>\n<meta name=\"description\" content=\"S.O.S Smart Office Systems GmbH Billstra\u00dfe 117 20539 Hamburgo Representado por el Director General: J\u00fcrgen Lewerenz\" \/>\n<meta name=\"robots\" content=\"index, follow, max-snippet:-1, max-image-preview:large, max-video-preview:-1\" \/>\n<link rel=\"canonical\" href=\"https:\/\/sos-hh.de\/es\/impressum\/\" \/>\n<meta property=\"og:locale\" content=\"es_ES\" \/>\n<meta property=\"og:type\" content=\"article\" \/>\n<meta property=\"og:title\" content=\"Pie de imprenta - \u1405 SMART OFFICE SYSTEMS\" \/>\n<meta property=\"og:description\" content=\"S.O.S Smart Office Systems GmbH Billstra\u00dfe 117 20539 Hamburgo Representado por el Director General: J\u00fcrgen Lewerenz\" \/>\n<meta property=\"og:url\" content=\"https:\/\/sos-hh.de\/es\/impressum\/\" \/>\n<meta property=\"og:site_name\" content=\"\u1405 SMART OFFICE SYSTEMS\" \/>\n<meta property=\"article:modified_time\" content=\"2026-04-27T07:29:16+00:00\" \/>\n<meta name=\"twitter:card\" content=\"summary_large_image\" \/>\n<meta name=\"twitter:label1\" content=\"Tiempo de lectura\" \/>\n\t<meta name=\"twitter:data1\" content=\"1 minuto\" \/>\n<script type=\"application\/ld+json\" class=\"yoast-schema-graph\">{\"@context\":\"https:\\\/\\\/schema.org\",\"@graph\":[{\"@type\":\"WebPage\",\"@id\":\"https:\\\/\\\/sos-hh.de\\\/es\\\/impressum\\\/\",\"url\":\"https:\\\/\\\/sos-hh.de\\\/es\\\/impressum\\\/\",\"name\":\"Pie de imprenta - \u1405 SMART OFFICE SYSTEMS\",\"isPartOf\":{\"@id\":\"https:\\\/\\\/sos-hh.de\\\/#website\"},\"datePublished\":\"2019-06-11T15:28:39+00:00\",\"dateModified\":\"2026-04-27T07:29:16+00:00\",\"description\":\"S.O.S Smart Office Systems GmbH Billstra\u00dfe 117 20539 Hamburgo Representado por el Director General: J\u00fcrgen Lewerenz\",\"breadcrumb\":{\"@id\":\"https:\\\/\\\/sos-hh.de\\\/es\\\/impressum\\\/#breadcrumb\"},\"inLanguage\":\"es\",\"potentialAction\":[{\"@type\":\"ReadAction\",\"target\":[\"https:\\\/\\\/sos-hh.de\\\/es\\\/impressum\\\/\"]}]},{\"@type\":\"BreadcrumbList\",\"@id\":\"https:\\\/\\\/sos-hh.de\\\/es\\\/impressum\\\/#breadcrumb\",\"itemListElement\":[{\"@type\":\"ListItem\",\"position\":1,\"name\":\"Startseite\",\"item\":\"https:\\\/\\\/sos-hh.de\\\/es\\\/inicio-2\\\/\"},{\"@type\":\"ListItem\",\"position\":2,\"name\":\"Pie de imprenta\"}]},{\"@type\":\"WebSite\",\"@id\":\"https:\\\/\\\/sos-hh.de\\\/#website\",\"url\":\"https:\\\/\\\/sos-hh.de\\\/\",\"name\":\"\u1405 SMART OFFICE SYSTEMS\",\"description\":\"Export von Druckern und vielem mehr\",\"potentialAction\":[{\"@type\":\"SearchAction\",\"target\":{\"@type\":\"EntryPoint\",\"urlTemplate\":\"https:\\\/\\\/sos-hh.de\\\/?s={search_term_string}\"},\"query-input\":{\"@type\":\"PropertyValueSpecification\",\"valueRequired\":true,\"valueName\":\"search_term_string\"}}],\"inLanguage\":\"es\"}]}<\/script>\n<!-- \/ Yoast SEO plugin. -->","yoast_head_json":{"title":"Pie de imprenta - \u1405 SMART OFFICE SYSTEMS","description":"S.O.S Smart Office Systems GmbH Billstra\u00dfe 117 20539 Hamburgo Representado por el Director General: J\u00fcrgen Lewerenz","robots":{"index":"index","follow":"follow","max-snippet":"max-snippet:-1","max-image-preview":"max-image-preview:large","max-video-preview":"max-video-preview:-1"},"canonical":"https:\/\/sos-hh.de\/es\/impressum\/","og_locale":"es_ES","og_type":"article","og_title":"Pie de imprenta - \u1405 SMART OFFICE SYSTEMS","og_description":"S.O.S Smart Office Systems GmbH Billstra\u00dfe 117 20539 Hamburgo Representado por el Director General: J\u00fcrgen Lewerenz","og_url":"https:\/\/sos-hh.de\/es\/impressum\/","og_site_name":"\u1405 SMART OFFICE SYSTEMS","article_modified_time":"2026-04-27T07:29:16+00:00","twitter_card":"summary_large_image","twitter_misc":{"Tiempo de lectura":"1 minuto"},"schema":{"@context":"https:\/\/schema.org","@graph":[{"@type":"WebPage","@id":"https:\/\/sos-hh.de\/es\/impressum\/","url":"https:\/\/sos-hh.de\/es\/impressum\/","name":"Pie de imprenta - \u1405 SMART OFFICE SYSTEMS","isPartOf":{"@id":"https:\/\/sos-hh.de\/#website"},"datePublished":"2019-06-11T15:28:39+00:00","dateModified":"2026-04-27T07:29:16+00:00","description":"S.O.S Smart Office Systems GmbH Billstra\u00dfe 117 20539 Hamburgo Representado por el Director General: J\u00fcrgen Lewerenz","breadcrumb":{"@id":"https:\/\/sos-hh.de\/es\/impressum\/#breadcrumb"},"inLanguage":"es","potentialAction":[{"@type":"ReadAction","target":["https:\/\/sos-hh.de\/es\/impressum\/"]}]},{"@type":"BreadcrumbList","@id":"https:\/\/sos-hh.de\/es\/impressum\/#breadcrumb","itemListElement":[{"@type":"ListItem","position":1,"name":"Startseite","item":"https:\/\/sos-hh.de\/es\/inicio-2\/"},{"@type":"ListItem","position":2,"name":"Pie de imprenta"}]},{"@type":"WebSite","@id":"https:\/\/sos-hh.de\/#website","url":"https:\/\/sos-hh.de\/","name":"\u1405 SMART OFFICE SYSTEMS","description":"Export von Druckern und vielem mehr","potentialAction":[{"@type":"SearchAction","target":{"@type":"EntryPoint","urlTemplate":"https:\/\/sos-hh.de\/?s={search_term_string}"},"query-input":{"@type":"PropertyValueSpecification","valueRequired":true,"valueName":"search_term_string"}}],"inLanguage":"es"}]}},"_links":{"self":[{"href":"https:\/\/sos-hh.de\/es\/wp-json\/wp\/v2\/pages\/4869","targetHints":{"allow":["GET"]}}],"collection":[{"href":"https:\/\/sos-hh.de\/es\/wp-json\/wp\/v2\/pages"}],"about":[{"href":"https:\/\/sos-hh.de\/es\/wp-json\/wp\/v2\/types\/page"}],"author":[{"embeddable":true,"href":"https:\/\/sos-hh.de\/es\/wp-json\/wp\/v2\/users\/1"}],"replies":[{"embeddable":true,"href":"https:\/\/sos-hh.de\/es\/wp-json\/wp\/v2\/comments?post=4869"}],"version-history":[{"count":0,"href":"https:\/\/sos-hh.de\/es\/wp-json\/wp\/v2\/pages\/4869\/revisions"}],"wp:attachment":[{"href":"https:\/\/sos-hh.de\/es\/wp-json\/wp\/v2\/media?parent=4869"}],"curies":[{"name":"wp","href":"https:\/\/api.w.org\/{rel}","templated":true}]}}