{"id":5207,"date":"2019-11-13T10:40:18","date_gmt":"2019-11-13T09:40:18","guid":{"rendered":"https:\/\/sos-hh.de\/?page_id=5207"},"modified":"2024-10-09T06:54:45","modified_gmt":"2024-10-09T04:54:45","slug":"privacy-policy","status":"publish","type":"page","link":"https:\/\/sos-hh.de\/en\/privacy-policy\/","title":{"rendered":"Privacy Policy"},"content":{"rendered":"<h2><strong>Datenschutzerkl\u00e4rung<\/strong><\/h2>\n<p>Wir nehmen den Schutz der pers\u00f6nlichen Daten unserer Kunden sowie der Interessenten f\u00fcr unsere Angebote sehr ernst und informieren hiermit \u00fcber den Umgang mit personenbezogenen Daten. Diese Datenschutzerkl\u00e4rung beruht ma\u00dfgeblich auf den Begriffsbestimmungen, die durch den Europ\u00e4ischen Richtlinien- und Verordnungsgeber beim Erlass der Datenschutz-Grundverordnung (DSGVO) benutzt wurden. Diese Datenschutzhinweise gelten f\u00fcr die Datenverarbeitung durch die Verantwortliche i.S.d. der DSGVO:<\/p>\n<p><strong>S.O.S. Smart Office Systems GmbH <\/strong><\/p>\n<p><strong>diese vertreten durch den Gesch\u00e4ftsf\u00fchrer:<\/strong><\/p>\n<p><strong>J\u00fcrgen Lewerenz<\/strong><\/p>\n<p><strong>Billstra\u00dfe 117 <\/strong><\/p>\n<p><strong>D-20539 Hamburg<\/strong><\/p>\n<p><strong>Tel.: +49 (0)40 40 11 38 220<\/strong><\/p>\n<p><strong>Fax: +49 (0)40 40 11 38 277<\/strong><\/p>\n<p><strong>E-Mail: info@sos-hh.de<\/strong><\/p>\n<p><strong>Steuernummer: DE276609390<\/strong><\/p>\n<p><strong>Handelsregister: <\/strong><strong>HRB 118010<\/strong><\/p>\n<p><strong>Registergericht: Amtsgericht Hamburg<\/strong><\/p>\n<p>1.<\/p>\n<p>Durch die Nutzung unserer Website erkl\u00e4ren Sie sich mit der Erhebung, Verarbeitung und Nutzung von Daten gem\u00e4\u00df der nachfolgenden Beschreibung einverstanden. Unsere Website kann grunds\u00e4tzlich ohne Registrierung besucht werden. Dabei werden Daten wie beispielsweise aufgerufene Seiten bzw. Namen der abgerufenen Datei, Datum und Uhrzeit zu statistischen Zwecken auf dem Server gespeichert, ohne dass diese Daten unmittelbar auf Ihre Person bezogen werden.<\/p>\n<p>2.<\/p>\n<p>Sie k\u00f6nnen unsere Webseite grunds\u00e4tzlich ohne Offenlegung Ihrer Identit\u00e4t nutzen. Beim Aufrufen unserer Website werden durch den auf Ihrem Endger\u00e4t zum Einsatz kommenden Browser automatisch Informationen an den Server unserer Website gesendet. Diese Informationen werden tempor\u00e4r in einem sog. Logfile gespeichert. Folgende Informationen werden dabei ohne Ihr Zutun erfasst und bis zur automatisierten L\u00f6schung gespeichert:<\/p>\n<ul>\n<li>IP-Adresse des anfragenden Rechners,<\/li>\n<li>Datum und Uhrzeit des Zugriffs,<\/li>\n<li>Name und URL der abgerufenen Datei,<\/li>\n<li>Website, von der aus der Zugriff erfolgt (Referrer-URL),<\/li>\n<li>verwendeter Browser und ggf. das Betriebssystem Ihres Rechners sowie der Name Ihres Access-Providers.<\/li>\n<\/ul>\n<p>Die genannten Daten werden durch uns zu folgenden Zwecken verarbeitet:<\/p>\n<ul>\n<li>Gew\u00e4hrleistung eines reibungslosen Verbindungsaufbaus der Website,<\/li>\n<li>Gew\u00e4hrleistung einer komfortablen Nutzung unserer Website,<\/li>\n<li>Auswertung der Systemsicherheit und -stabilit\u00e4t sowie<\/li>\n<li>zu weiteren administrativen Zwecken.<\/li>\n<\/ul>\n<p>Die Rechtsgrundlage f\u00fcr die Datenverarbeitung ist Art.\u00a06 Abs.\u00a01 S.\u00a01 lit.\u00a0f) DSGVO. Unser berechtigtes Interesse folgt aus oben aufgelisteten Zwecken zur Datenerhebung. In keinem Fall verwenden wir die erhobenen Daten zu dem Zweck, R\u00fcckschl\u00fcsse auf Ihre Person zu ziehen.<\/p>\n<p>3.<\/p>\n<p>Im Rahmen der Kontaktaufnahme mit uns (z.B. per Kontaktformular oder E-Mail) werden personenbezogene Daten erhoben; welche dies im Einzelnen sind, k\u00f6nnen Sie aus dem Kontaktformular ersehen. Diese Daten werden ausschlie\u00dflich zum Zweck der Beantwortung Ihres Anliegens bzw. f\u00fcr die Kontaktaufnahme und die damit verbundene technische Administration gespeichert und verwendet. Rechtsgrundlage f\u00fcr die Verarbeitung der Daten ist unser berechtigtes Interesse an der Beantwortung Ihres Anliegens gem\u00e4\u00df Art. 6 Abs. 1 lit. f) DSGVO. Zielt Ihre Kontaktierung auf den Abschluss eines Vertrages ab, so ist zus\u00e4tzliche Rechtsgrundlage f\u00fcr die Verarbeitung Art. 6 Abs. 1 lit. b) DSGVO. Ihre Daten werden nach abschlie\u00dfender Bearbeitung Ihrer Anfrage gel\u00f6scht, dies ist der Fall, wenn sich aus den Umst\u00e4nden entnehmen l\u00e4sst, dass der betroffene Sachverhalt abschlie\u00dfend gekl\u00e4rt ist und sofern keine gesetzlichen Aufbewahrungspflichten entgegenstehen.<\/p>\n<p>4.<\/p>\n<p>Eine Weitergabe Ihrer personenbezogenen Daten von uns an Dritte erfolgt ausschlie\u00dflich an die im Rahmen der Vertragsabwicklung beteiligten Dienstleistungspartner, wie z.B. das mit der Lieferung beauftragte Logistik-Unternehmen und das mit Zahlungsangelegenheiten beauftragte Kreditinstitut. In den F\u00e4llen der Weitergabe Ihrer personenbezogenen Daten an Dritte beschr\u00e4nkt sich der Umfang der \u00fcbermittelten Daten jedoch auf das erforderliche Minimum.<\/p>\n<p>Bei Zahlung via PayPal, Kreditkarte via PayPal, Lastschrift via PayPal oder &#8220;Kauf auf Rechnung&#8221; via PayPal geben wir Ihre Zahlungsdaten im Rahmen der Zahlungsabwicklung an die PayPal (Europe) S.\u00e0 r.l. et Cie, S.C.A., 22-24 Boulevard Royal, L-2449 Luxembourg (im Folgenden &#8220;PayPal&#8221;), weiter. PayPal beh\u00e4lt sich f\u00fcr die Zahlungsarten Kreditkarte via PayPal, Lastschrift via PayPal oder &#8220;Kauf auf Rechnung&#8221; via PayPal die Durchf\u00fchrung einer Bonit\u00e4tsauskunft vor.<\/p>\n<p>Eine \u00dcbermittlung Ihrer pers\u00f6nlichen Daten an Dritte zu anderen als den vorgenannten Zwecken findet nicht statt. Wir geben Ihre pers\u00f6nlichen Daten auch nur dann an Dritte weiter, wenn:<\/p>\n<ul>\n<li>Sie Ihre nach Art.\u00a06 Abs.\u00a01 S.\u00a01 lit.\u00a0a DSGVO ausdr\u00fcckliche Einwilligung dazu erteilt haben,<\/li>\n<li>dies gesetzlich zul\u00e4ssig und nach Art.\u00a06 Abs.\u00a01 S.\u00a01 lit.\u00a0b DSGVO f\u00fcr die Abwicklung von Vertragsverh\u00e4ltnissen mit Ihnen erforderlich ist.<\/li>\n<li>f\u00fcr den Fall, dass f\u00fcr die Weitergabe nach Art.\u00a06 Abs.\u00a01 S.\u00a01 lit.\u00a0c DSGVO eine gesetzliche Verpflichtung besteht, sowie<\/li>\n<li>die Weitergabe nach Art.\u00a06 Abs.\u00a01 S.\u00a01 lit.\u00a0f DSGVO zur Geltendmachung, Aus\u00fcbung oder Verteidigung von Rechtsanspr\u00fcchen erforderlich ist und kein Grund zur Annahme besteht, dass Sie ein \u00fcberwiegendes schutzw\u00fcrdiges Interesse an der Nichtweitergabe Ihrer Daten haben.<\/li>\n<\/ul>\n<p>Im Rahmen des Bestellprozesses wird eine Einwilligung von Ihnen zur Weitergabe Ihrer Daten an Dritte eingeholt.<\/p>\n<p>5.<\/p>\n<p>Unsere Website verwendet Cookies. Das sind kleine Textdateien, die es m\u00f6glich machen, auf dem Endger\u00e4t des Nutzers spezifische, auf den Nutzer bezogene Informationen zu speichern, w\u00e4hrend er die Website nutzt. Cookies werden automatisch bei dem Aufruf einer Webseite lokal im Browser des Besuchers abgelegt. Cookies erm\u00f6glichen es, insbesondere Nutzungsh\u00e4ufigkeit und Nutzeranzahl der Seiten zu ermitteln, Verhaltensweisen der Seitennutzung zu analysieren, aber auch unser Angebot kundenfreundlicher zu gestalten. Cookies bleiben \u00fcber das Ende einer Browser-Sitzung gespeichert und k\u00f6nnen bei einem erneuten Seitenbesuch wieder aufgerufen werden. Dies bedeutet jedoch nicht, dass wir dadurch unmittelbar Kenntnis von Ihrer Identit\u00e4t erhalten.<\/p>\n<p>Der Einsatz von Cookies dient zum einen dazu, die Nutzung unseres Angebots f\u00fcr Sie angenehmer zu gestalten. So setzen wir sogenannte Session-Cookies ein, um zu erkennen, dass Sie einzelne Seiten unserer Website bereits besucht haben. Diese werden nach Verlassen unserer Seite automatisch gel\u00f6scht. Dar\u00fcber hinaus setzen wir ebenfalls zur Optimierung der Benutzerfreundlichkeit tempor\u00e4re Cookies ein, die f\u00fcr einen bestimmten festgelegten Zeitraum auf Ihrem Endger\u00e4t gespeichert werden. Besuchen Sie unsere Seite erneut, um unsere Leistungen in Anspruch zu nehmen, so wird automatisch erkannt, dass Sie bereits bei uns waren und welche Eingaben und Einstellungen sie get\u00e4tigt haben, um diese nicht noch einmal eingeben zu m\u00fcssen.<\/p>\n<p>Zum anderen setzten wir Cookies ein, um die Nutzung unserer Website statistisch zu erfassen. Diese Cookies erm\u00f6glichen es uns, bei einem erneuten Besuch unserer Seite automatisch zu erkennen, dass Sie bereits bei uns waren. Diese Cookies werden nach einer jeweils definierten Zeit automatisch gel\u00f6scht.<\/p>\n<p>Die durch Cookies verarbeiteten Daten sind f\u00fcr die genannten Zwecke zur Wahrung unserer berechtigten Interessen sowie der Dritter nach Art.\u00a06 Abs.\u00a01 S.\u00a01 lit.\u00a0f DSGVO erforderlich. Die meisten Browser akzeptieren Cookies automatisch. Sie k\u00f6nnen Ihren Browser jedoch so konfigurieren, dass keine Cookies auf Ihrem Computer gespeichert werden oder stets ein Hinweis erscheint, bevor ein neuer Cookie angelegt wird. Die vollst\u00e4ndige Deaktivierung von Cookies kann jedoch dazu f\u00fchren, dass Sie nicht alle Funktionen unserer Website nutzen k\u00f6nnen.<\/p>\n<p>6.<\/p>\n<p>Zum Zwecke der bedarfsgerechten Gestaltung und fortlaufenden Optimierung unserer Seiten nutzen wir Google Analytics, ein Webanalysedienst der Google\u00a0 Inc. (https:\/\/www.google.de\/intl\/de\/about\/) (1600 Amphitheatre Parkway, Mountain View, CA 94043, USA; im Folgenden \u201eGoogle\u201c). In diesem Zusammenhang werden pseudonymisierte Nutzungsprofile erstellt und Cookies (siehe unter Ziffer 4) verwendet. Die durch den Cookie erzeugten Informationen \u00fcber Ihre Benutzung dieser Website wie Browser-Typ\/-Version, verwendetes Betriebssystem, Referrer-URL (die zuvor besuchte Seite), Hostname des zugreifenden Rechners (IP-Adresse) und Uhrzeit der Serveranfrage werden an einen Server von Google in den USA \u00fcbertragen und dort gespeichert. Die Informationen werden verwendet, um die Nutzung der Website auszuwerten, um Reports \u00fcber die Websiteaktivit\u00e4ten zusammenzustellen und um weitere mit der Websitenutzung und der Internetnutzung verbundene Dienstleistungen zu Zwecken der Marktforschung und bedarfsgerechten Gestaltung dieser Internetseiten zu erbringen. Auch werden diese Informationen gegebenenfalls an Dritte \u00fcbertragen, sofern dies gesetzlich vorgeschrieben ist oder soweit Dritte diese Daten im Auftrag verarbeiten. Es wird in keinem Fall Ihre IP-Adresse mit anderen Daten von Google zusammengef\u00fchrt. Die IP-Adressen werden anonymisiert, so dass eine Zuordnung nicht m\u00f6glich ist (IP-Masking).<\/p>\n<p>Sie k\u00f6nnen die Installation der Cookies durch eine entsprechende Einstellung der Browser-Software verhindern; wir weisen jedoch darauf hin, dass in diesem Fall gegebenenfalls nicht s\u00e4mtliche Funktionen unserer Website vollumf\u00e4nglich genutzt werden k\u00f6nnen.<\/p>\n<p>Sie k\u00f6nnen dar\u00fcber hinaus die Erfassung der durch das Cookie erzeugten und auf Ihre Nutzung der Website bezogenen Daten (inkl. Ihrer IP-Adresse) sowie die Verarbeitung dieser Daten durch Google verhindern, indem Sie ein Browser-Add-on herunterladen und installieren:<\/p>\n<p>https:\/\/tools.google.com\/dlpage\/gaoptout?hl=de<\/p>\n<p>Alternativ zum Browser-Add-on, insbesondere bei Browsern auf mobilen Endger\u00e4ten, k\u00f6nnen Sie die Erfassung durch Google Analytics zudem verhindern, indem Sie auf den vorgenannten Link klicken. Es wird ein Opt-out-Cookie gesetzt, das die zuk\u00fcnftige Erfassung Ihrer Daten beim Besuch unserer Website verhindert. Der Opt-out-Cookie gilt nur in diesem Browser und nur f\u00fcr unsere Website und wird auf Ihrem Ger\u00e4t abgelegt. L\u00f6schen Sie die Cookies in diesem Browser, m\u00fcssen Sie das Opt-out-Cookie erneut setzen.<\/p>\n<p>Weitere Informationen zum Datenschutz im Zusammenhang mit Google Analytics finden Sie unter nachfolgendem Link in der Google Analytics-Hilfe:<\/p>\n<p>https:\/\/support.google.com\/analytics\/answer\/6004245?hl=de<\/p>\n<p>7.<\/p>\n<p>\u00dcber folgende Ihnen nach der DSGVO zustehende Rechte informieren wir Sie wie folgt:<\/p>\n<ul>\n<li>Sie k\u00f6nnen gem\u00e4\u00df Art.\u00a015 DSGVO Auskunft \u00fcber Ihre von uns verarbeiteten personenbezogenen Daten verlangen. Insbesondere k\u00f6nnen Sie Auskunft \u00fcber die Verarbeitungszwecke, die Kategorie der personenbezogenen Daten, die Kategorien von Empf\u00e4ngern, gegen\u00fcber denen Ihre Daten offengelegt wurden oder werden, die geplante Speicherdauer, das Bestehen eines Rechts auf Berichtigung, L\u00f6schung, Einschr\u00e4nkung der Verarbeitung oder Widerspruch, das Bestehen eines Beschwerderechts, die Herkunft ihrer Daten, sofern diese nicht bei uns erhoben wurden, sowie \u00fcber das Bestehen einer automatisierten Entscheidungsfindung einschlie\u00dflich Profiling und ggf. aussagekr\u00e4ftigen Informationen zu deren Einzelheiten verlangen.<\/li>\n<li>Sie haben gem\u00e4\u00df Art.\u00a016 DSGVO das Recht, unverz\u00fcglich die Berichtigung unrichtiger oder Vervollst\u00e4ndigung Ihrer bei uns gespeicherten personenbezogenen Daten zu verlangen.<\/li>\n<li>Sie k\u00f6nnen gem\u00e4\u00df Art.\u00a017 DSGVO die L\u00f6schung Ihrer bei uns gespeicherten personenbezogenen Daten verlangen, soweit nicht die Verarbeitung zur Aus\u00fcbung des Rechts auf freie Meinungs\u00e4u\u00dferung und Information, zur Erf\u00fcllung einer rechtlichen Verpflichtung, aus Gr\u00fcnden des \u00f6ffentlichen Interesses oder zur Geltendmachung, Aus\u00fcbung oder Verteidigung von Rechtsanspr\u00fcchen erforderlich ist.<\/li>\n<li>Sie k\u00f6nnen gem\u00e4\u00df Art.\u00a018 DSGVO die Einschr\u00e4nkung der Verarbeitung Ihrer personenbezogenen Daten verlangen, soweit die Richtigkeit der Daten von Ihnen bestritten wird, die Verarbeitung unrechtm\u00e4\u00dfig ist, Sie aber deren L\u00f6schung ablehnen und wir die Daten nicht mehr ben\u00f6tigen, Sie jedoch diese zur Geltendmachung, Aus\u00fcbung oder Verteidigung von Rechtsanspr\u00fcchen ben\u00f6tigen oder Sie gem\u00e4\u00df Art.\u00a021 DSGVO Widerspruch gegen die Verarbeitung eingelegt haben.<\/li>\n<li>Ihnen steht ferner gem\u00e4\u00df Art.\u00a020 DSGVO das Recht zu, Ihre personenbezogenen Daten, die Sie uns bereitgestellt haben, in einem strukturierten, g\u00e4ngigen und maschinenlesebaren Format zu erhalten oder die \u00dcbermittlung an einen anderen Verantwortlichen zu verlangen.<\/li>\n<li>Sie k\u00f6nnen gem\u00e4\u00df Art.\u00a07 Abs.\u00a03 DSGVO Ihre einmal erteilte Einwilligung jederzeit uns gegen\u00fcber widerrufen. Dies hat zur Folge, dass wir die Datenverarbeitung, die auf dieser Einwilligung beruhte, f\u00fcr die Zukunft nicht mehr fortf\u00fchren d\u00fcrfen.<\/li>\n<li>Schlie\u00dflich steht Ihnen gem\u00e4\u00df Art.\u00a077 DSGVO das Recht sich bei einer Aufsichtsbeh\u00f6rde zu beschweren. In der Regel k\u00f6nnen Sie sich hierf\u00fcr an die Aufsichtsbeh\u00f6rde Ihres \u00fcblichen Aufenthaltsortes oder Arbeitsplatzes oder unseres Firmensitzes wenden.<\/li>\n<\/ul>\n<p>8.<\/p>\n<p>Sofern Ihre personenbezogenen Daten auf Grundlage von berechtigten Interessen gem\u00e4\u00df Art.\u00a06 Abs.\u00a01 S.\u00a01 lit.\u00a0f DSGVO verarbeitet werden, haben Sie das Recht, gem\u00e4\u00df Art.\u00a021 DSGVO Widerspruch gegen die Verarbeitung Ihrer personenbezogenen Daten einzulegen, soweit daf\u00fcr Gr\u00fcnde vorliegen, die sich aus Ihrer besonderen Situation ergeben oder sich der Widerspruch gegen Direktwerbung richtet. Im letzteren Fall haben Sie ein generelles Widerspruchsrecht, das ohne Angabe einer besonderen Situation von mir umgesetzt wird. M\u00f6chten Sie von Ihrem Widerrufs- oder Widerspruchsrecht Gebrauch machen, gen\u00fcgt eine E-Mail an: info@sos-hh.de<\/p>\n<p>9.<\/p>\n<p>Wir bedienen uns im \u00dcbrigen geeigneter technischer und organisatorischer Sicherheitsma\u00dfnahmen, um Ihre Daten gegen zuf\u00e4llige oder vors\u00e4tzliche Manipulationen, teilweisen oder vollst\u00e4ndigen Verlust, Zerst\u00f6rung oder gegen den unbefugten Zugriff Dritter zu sch\u00fctzen. Unsere Sicherheitsma\u00dfnahmen werden entsprechend der technologischen Entwicklung fortlaufend verbessert.<\/p>\n<p>10.<br \/>\nGoogle Web Fonts<br \/>\nDiese Seite nutzt zur einheitlichen Darstellung von Schriftarten so genannte Web Fonts, die von Google bereitgestellt werden. Die Google Fonts sind lokal installiert. Eine Verbindung zu Servern von Google findet dabei nicht statt.<\/p>\n<p>Weitere Informationen zu Google Web Fonts finden Sie unter developers.google.com\/fonts\/faq und in der Datenschutzerkl\u00e4rung von Google: policies.google.com\/privacy?hl=de.<\/p>\n<p>11.<br \/>\nNinja Firewall<br \/>\nWir haben Ninja Firewall auf dieser Website eingebunden. Anbieter ist die NinTechNet Limited, Unit 1603,<br \/>\n16th Floor, The L. Plaza 367 \u2013 375 Queen\u2018s Road Central Sheung Wan, Hong Kong (nachfolgend Ninja Firewall).<\/p>\n<p>Ninja Firewall dient dem Schutz unserer Website vor unerwu\u0308nschten Zugriffen oder b\u00f6sartigen Cyberattacken. Zu diesem Zweck erfasst Ninja Firewall IP-Adresse, Request, Referrer und Zeitpunkt des Seitenzugriffs. Ninja Firewall ist auf unseren eigenen Servern eingebunden und u\u0308bermittelt keine personenbezogenen Daten an den Anbieter des Tools oder sonstige Dritte.<\/p>\n<p>Wir haben die IP-Anonymisierung bei Ninja Firewall aktiviert, sodass das Tool die IP-Adresse nur in geku\u0308rzter Form erfasst.<\/p>\n<p>Die Verwendung von Ninja Firewall erfolgt auf Grundlage von Art. 6 Abs. 1 lit. f DSGVO. Der Websitebetreiber hat ein berechtigtes Interesse an einem m\u00f6glichst effektiven Schutz seiner Website vor Cyberattacken.<\/p>\n","protected":false},"excerpt":{"rendered":"<p>Datenschutzerkl\u00e4rung Wir nehmen den Schutz der pers\u00f6nlichen Daten unserer Kunden sowie der Interessenten f\u00fcr unsere Angebote sehr ernst und informieren hiermit \u00fcber den Umgang mit personenbezogenen Daten. Diese Datenschutzerkl\u00e4rung beruht ma\u00dfgeblich auf den Begriffsbestimmungen, die durch den Europ\u00e4ischen Richtlinien- und Verordnungsgeber beim Erlass der Datenschutz-Grundverordnung (DSGVO) benutzt wurden. Diese Datenschutzhinweise gelten f\u00fcr die Datenverarbeitung durch [&hellip;]<\/p>\n","protected":false},"author":2,"featured_media":0,"parent":0,"menu_order":0,"comment_status":"closed","ping_status":"closed","template":"","meta":{"footnotes":""},"class_list":["post-5207","page","type-page","status-publish","hentry"],"yoast_head":"<!-- This site is optimized with the Yoast SEO plugin v27.3 - https:\/\/yoast.com\/product\/yoast-seo-wordpress\/ -->\n<title>Privacy Policy - \u1405 SMART OFFICE SYSTEMS<\/title>\n<meta name=\"robots\" content=\"index, follow, max-snippet:-1, max-image-preview:large, max-video-preview:-1\" \/>\n<link rel=\"canonical\" href=\"https:\/\/sos-hh.de\/en\/privacy-policy\/\" \/>\n<meta property=\"og:locale\" content=\"en_US\" \/>\n<meta property=\"og:type\" content=\"article\" \/>\n<meta property=\"og:title\" content=\"Privacy Policy - \u1405 SMART OFFICE SYSTEMS\" \/>\n<meta property=\"og:description\" content=\"Datenschutzerkl\u00e4rung Wir nehmen den Schutz der pers\u00f6nlichen Daten unserer Kunden sowie der Interessenten f\u00fcr unsere Angebote sehr ernst und informieren hiermit \u00fcber den Umgang mit personenbezogenen Daten. Diese Datenschutzerkl\u00e4rung beruht ma\u00dfgeblich auf den Begriffsbestimmungen, die durch den Europ\u00e4ischen Richtlinien- und Verordnungsgeber beim Erlass der Datenschutz-Grundverordnung (DSGVO) benutzt wurden. Diese Datenschutzhinweise gelten f\u00fcr die Datenverarbeitung durch [&hellip;]\" \/>\n<meta property=\"og:url\" content=\"https:\/\/sos-hh.de\/en\/privacy-policy\/\" \/>\n<meta property=\"og:site_name\" content=\"\u1405 SMART OFFICE SYSTEMS\" \/>\n<meta property=\"article:modified_time\" content=\"2024-10-09T04:54:45+00:00\" \/>\n<meta name=\"twitter:card\" content=\"summary_large_image\" \/>\n<meta name=\"twitter:label1\" content=\"Est. reading time\" \/>\n\t<meta name=\"twitter:data1\" content=\"9 minutes\" \/>\n<script type=\"application\/ld+json\" class=\"yoast-schema-graph\">{\"@context\":\"https:\\\/\\\/schema.org\",\"@graph\":[{\"@type\":\"WebPage\",\"@id\":\"https:\\\/\\\/sos-hh.de\\\/en\\\/privacy-policy\\\/\",\"url\":\"https:\\\/\\\/sos-hh.de\\\/en\\\/privacy-policy\\\/\",\"name\":\"Privacy Policy - \u1405 SMART OFFICE SYSTEMS\",\"isPartOf\":{\"@id\":\"https:\\\/\\\/sos-hh.de\\\/#website\"},\"datePublished\":\"2019-11-13T09:40:18+00:00\",\"dateModified\":\"2024-10-09T04:54:45+00:00\",\"breadcrumb\":{\"@id\":\"https:\\\/\\\/sos-hh.de\\\/en\\\/privacy-policy\\\/#breadcrumb\"},\"inLanguage\":\"en-US\",\"potentialAction\":[{\"@type\":\"ReadAction\",\"target\":[\"https:\\\/\\\/sos-hh.de\\\/en\\\/privacy-policy\\\/\"]}]},{\"@type\":\"BreadcrumbList\",\"@id\":\"https:\\\/\\\/sos-hh.de\\\/en\\\/privacy-policy\\\/#breadcrumb\",\"itemListElement\":[{\"@type\":\"ListItem\",\"position\":1,\"name\":\"Startseite\",\"item\":\"https:\\\/\\\/sos-hh.de\\\/\"},{\"@type\":\"ListItem\",\"position\":2,\"name\":\"Privacy Policy\"}]},{\"@type\":\"WebSite\",\"@id\":\"https:\\\/\\\/sos-hh.de\\\/#website\",\"url\":\"https:\\\/\\\/sos-hh.de\\\/\",\"name\":\"\u1405 SMART OFFICE SYSTEMS\",\"description\":\"Export von Druckern und vielem mehr\",\"potentialAction\":[{\"@type\":\"SearchAction\",\"target\":{\"@type\":\"EntryPoint\",\"urlTemplate\":\"https:\\\/\\\/sos-hh.de\\\/?s={search_term_string}\"},\"query-input\":{\"@type\":\"PropertyValueSpecification\",\"valueRequired\":true,\"valueName\":\"search_term_string\"}}],\"inLanguage\":\"en-US\"}]}<\/script>\n<!-- \/ Yoast SEO plugin. -->","yoast_head_json":{"title":"Privacy Policy - \u1405 SMART OFFICE SYSTEMS","robots":{"index":"index","follow":"follow","max-snippet":"max-snippet:-1","max-image-preview":"max-image-preview:large","max-video-preview":"max-video-preview:-1"},"canonical":"https:\/\/sos-hh.de\/en\/privacy-policy\/","og_locale":"en_US","og_type":"article","og_title":"Privacy Policy - \u1405 SMART OFFICE SYSTEMS","og_description":"Datenschutzerkl\u00e4rung Wir nehmen den Schutz der pers\u00f6nlichen Daten unserer Kunden sowie der Interessenten f\u00fcr unsere Angebote sehr ernst und informieren hiermit \u00fcber den Umgang mit personenbezogenen Daten. Diese Datenschutzerkl\u00e4rung beruht ma\u00dfgeblich auf den Begriffsbestimmungen, die durch den Europ\u00e4ischen Richtlinien- und Verordnungsgeber beim Erlass der Datenschutz-Grundverordnung (DSGVO) benutzt wurden. Diese Datenschutzhinweise gelten f\u00fcr die Datenverarbeitung durch [&hellip;]","og_url":"https:\/\/sos-hh.de\/en\/privacy-policy\/","og_site_name":"\u1405 SMART OFFICE SYSTEMS","article_modified_time":"2024-10-09T04:54:45+00:00","twitter_card":"summary_large_image","twitter_misc":{"Est. reading time":"9 minutes"},"schema":{"@context":"https:\/\/schema.org","@graph":[{"@type":"WebPage","@id":"https:\/\/sos-hh.de\/en\/privacy-policy\/","url":"https:\/\/sos-hh.de\/en\/privacy-policy\/","name":"Privacy Policy - \u1405 SMART OFFICE SYSTEMS","isPartOf":{"@id":"https:\/\/sos-hh.de\/#website"},"datePublished":"2019-11-13T09:40:18+00:00","dateModified":"2024-10-09T04:54:45+00:00","breadcrumb":{"@id":"https:\/\/sos-hh.de\/en\/privacy-policy\/#breadcrumb"},"inLanguage":"en-US","potentialAction":[{"@type":"ReadAction","target":["https:\/\/sos-hh.de\/en\/privacy-policy\/"]}]},{"@type":"BreadcrumbList","@id":"https:\/\/sos-hh.de\/en\/privacy-policy\/#breadcrumb","itemListElement":[{"@type":"ListItem","position":1,"name":"Startseite","item":"https:\/\/sos-hh.de\/"},{"@type":"ListItem","position":2,"name":"Privacy Policy"}]},{"@type":"WebSite","@id":"https:\/\/sos-hh.de\/#website","url":"https:\/\/sos-hh.de\/","name":"\u1405 SMART OFFICE SYSTEMS","description":"Export von Druckern und vielem mehr","potentialAction":[{"@type":"SearchAction","target":{"@type":"EntryPoint","urlTemplate":"https:\/\/sos-hh.de\/?s={search_term_string}"},"query-input":{"@type":"PropertyValueSpecification","valueRequired":true,"valueName":"search_term_string"}}],"inLanguage":"en-US"}]}},"_links":{"self":[{"href":"https:\/\/sos-hh.de\/en\/wp-json\/wp\/v2\/pages\/5207","targetHints":{"allow":["GET"]}}],"collection":[{"href":"https:\/\/sos-hh.de\/en\/wp-json\/wp\/v2\/pages"}],"about":[{"href":"https:\/\/sos-hh.de\/en\/wp-json\/wp\/v2\/types\/page"}],"author":[{"embeddable":true,"href":"https:\/\/sos-hh.de\/en\/wp-json\/wp\/v2\/users\/2"}],"replies":[{"embeddable":true,"href":"https:\/\/sos-hh.de\/en\/wp-json\/wp\/v2\/comments?post=5207"}],"version-history":[{"count":0,"href":"https:\/\/sos-hh.de\/en\/wp-json\/wp\/v2\/pages\/5207\/revisions"}],"wp:attachment":[{"href":"https:\/\/sos-hh.de\/en\/wp-json\/wp\/v2\/media?parent=5207"}],"curies":[{"name":"wp","href":"https:\/\/api.w.org\/{rel}","templated":true}]}}